{"id":625,"date":"2024-06-14T08:57:37","date_gmt":"2024-06-14T06:57:37","guid":{"rendered":"https:\/\/testiuliana.myskydoowebsite.com\/?page_id=625"},"modified":"2024-06-14T09:08:42","modified_gmt":"2024-06-14T07:08:42","slug":"a-propos","status":"publish","type":"page","link":"https:\/\/testiuliana.myskydoowebsite.com\/?page_id=625","title":{"rendered":"A propos"},"content":{"rendered":"\t\t<div data-elementor-type=\"wp-page\" data-elementor-id=\"625\" class=\"elementor elementor-625\" data-elementor-post-type=\"page\">\n\t\t\t\t<div data-particle_enable=\"false\" data-particle-mobile-disabled=\"false\" class=\"elementor-element elementor-element-42a6c75 e-flex e-con-boxed e-con e-parent\" data-id=\"42a6c75\" data-element_type=\"container\" data-e-type=\"container\">\n\t\t\t\t\t<div class=\"e-con-inner\">\n\t\t\t\t<div class=\"elementor-element elementor-element-066a039 elementor-align-center elementor-icon-list--layout-traditional elementor-list-item-link-full_width elementor-widget elementor-widget-icon-list\" data-id=\"066a039\" data-element_type=\"widget\" data-e-type=\"widget\" data-widget_type=\"icon-list.default\">\n\t\t\t\t<div class=\"elementor-widget-container\">\n\t\t\t\t\t\t\t<ul class=\"elementor-icon-list-items\">\n\t\t\t\t\t\t\t<li class=\"elementor-icon-list-item\">\n\t\t\t\t\t\t\t\t\t\t\t<span class=\"elementor-icon-list-icon\">\n\t\t\t\t\t\t\t<svg xmlns=\"http:\/\/www.w3.org\/2000\/svg\" xmlns:xlink=\"http:\/\/www.w3.org\/1999\/xlink\" height=\"800px\" width=\"800px\" id=\"_x32_\" viewBox=\"0 0 512 512\" xml:space=\"preserve\"><style type=\"text\/css\">\t.st0{fill:#000000;}<\/style><g>\t<path class=\"st0\" d=\"M256,0C129.585,0,27.124,102.461,27.124,228.876c0,109.788,77.262,183.891,180.408,201.485V512h94.678v-81.248  c104.255-16.912,182.667-91.3,182.667-201.876C484.876,102.461,382.406,0,256,0z M287.842,405.553v27.135  c0,27.827,0,64.952,0,64.952h-65.951c0,0,0-36.33,0-65.2v-32.562c0-25.027-37.516-39.814-60.246-52.312l10.239-18.202  c0,0,33.531,24.125,52.589,24.125c1.081,0,2.124-0.068,3.092-0.248c13.639-2.267-3.415-64.803-3.415-64.803l21.618-3.415  c0,0,7.972,52.312,15.906,60.246c0.676,0.683,1.434,0.968,2.334,0.968c9.766,0,31.767-37.336,31.767-37.336l19.352,11.379  c0,0-31.271,33.749-27.286,40.932c0.968,1.72,2.695,2.44,4.954,2.44c10.952,0,33.682-17.234,33.682-17.234l12.528,13.646  C339.005,360.064,287.842,383.934,287.842,405.553z\"><\/path><\/g><\/svg>\t\t\t\t\t\t<\/span>\n\t\t\t\t\t\t\t\t\t\t<span class=\"elementor-icon-list-text\">\u00c9l\u00e9ment de liste #1<\/span>\n\t\t\t\t\t\t\t\t\t<\/li>\n\t\t\t\t\t\t\t\t<li class=\"elementor-icon-list-item\">\n\t\t\t\t\t\t\t\t\t\t\t<span class=\"elementor-icon-list-icon\">\n\t\t\t\t\t\t\t<svg xmlns=\"http:\/\/www.w3.org\/2000\/svg\" width=\"800px\" height=\"800px\" viewBox=\"0 0 1024 1024\" class=\"icon\"><path d=\"M348.78 708.45A169 169 0 0 1 236 549v-45a169 169 0 0 1 147.12-167.53l2.54-259.41q66.93-50.54 87-48.26Q664.92 50.6 739 198.58v612.88Q604.71 1004.61 331.52 988.6q-75.59-4.43-98.58-110.81z\" fill=\"#FFFFFF\"><\/path><path d=\"M586.23 434.47q-0.47 1.17-0.92 2.35a112.66 112.66 0 0 1 103.41 112.25v127.49a168.55 168.55 0 0 0 50.89 96.63C727.73 842.9 681.75 905.43 551.5 968a507.24 507.24 0 0 1-127.69 28.17C341.74 986 292.34 934.44 292.34 892.59c0-15.83 9.3-30.65 25.47-43.31l-1-1.46C333 830.3 408.69 778.65 442 722.8q23.08-38.69 30.63-128.68a169 169 0 0 1 113.6-159.65z\" fill=\"#FCDD82\"><\/path><path d=\"M643.66 459a113.27 113.27 0 0 1 10.34 8.77q-0.57 1.41-1.12 2.83 2.21 0.18 4.4 0.44a112.23 112.23 0 0 1 31.41 78v127.52a168.55 168.55 0 0 0 50.89 96.63C727.73 842.9 681.75 905.43 551.5 968c-67.61 24.69-131 30-165.84 30a227.43 227.43 0 0 1-57.47-7.11A126 126 0 0 1 312.41 975q0.6-9 1.7-18.28Q488.69 976.6 588.52 818q46.07-79.26 31.91-357.76l2.28-0.27-0.55-1z\" fill=\"#F9B04A\"><\/path><path d=\"M348 708.15a168.48 168.48 0 0 1-55.63-125.29v-45.05c0-93.3 75.67-168.94 169-168.94a168.79 168.79 0 0 1 57 9.86 169.59 169.59 0 0 1 36.69 47.5C470.66 435.64 405 507.22 405 594.12V718a168.79 168.79 0 0 1-57-9.85z\" fill=\"#FFF8D1\"><\/path><path d=\"M585.32 436.81a140.87 140.87 0 0 1 272.42 50.37v152h-2v180.2a169.06 169.06 0 0 1-167-142.88V549.08a112.65 112.65 0 0 0-103.42-112.27z\" fill=\"#FFF8D2\"><\/path><path d=\"M461.36 76.03l259.16 112.63v354.42L472.63 335.07 461.36 76.03z\" fill=\"#FFF6E0\"><\/path><path d=\"M625.88 75.65c76.59 49.7 117.86 120.67 93 163.69-21.1 36.53-83.49 41.87-151.64 17.27-76.59-49.7-117.86-120.67-93-163.69 21.1-36.53 83.49-41.87 151.64-17.27z\" fill=\"#FFFAEC\"><\/path><path d=\"M377.1 82.36h40.96v256.01H377.1z\" fill=\"\"><\/path><path d=\"M707.02 225.96h40.96v112.65h-40.96V225.96z\" fill=\"\"><\/path><path d=\"M645.41 294.24q-3.4 0-6.88-0.12c-42.15-1.49-90-16.57-134.89-42.46s-81.85-59.83-104.22-95.58C374.34 116 370 77.54 387.13 47.83S439.74 2.69 487 4.36c42.15 1.5 90 16.57 134.89 42.46s81.85 59.83 104.22 95.58c25.08 40.09 29.45 78.53 12.29 108.24-16.3 28.25-49.17 43.6-92.99 43.6zM480.18 49.29c-26.7 0-46.24 7.56-54 21.07-8.3 14.37-4.12 36.9 11.47 61.82 18.53 29.62 50 58.19 88.55 80.46s79 35.21 114 36.45c29.36 1 51-6.6 59.27-21s4.12-36.9-11.47-61.82c-18.53-29.62-50-58.19-88.55-80.46-38.57-22.27-79-35.22-114-36.45-1.81-0.04-3.55-0.07-5.27-0.07zM385.66 1018.38c-49.57 0-95.73-13.91-130-39.16-32.21-23.76-51.45-56.15-51.45-86.63 0-25.53 15.91-44.71 29.77-58.57l0.74-0.75c41.55-45 71.26-82.95 90.79-132.78a21.59 21.59 0 0 1 27.49-12.3 147.47 147.47 0 0 0 31.5 7.94v-102a189.48 189.48 0 0 1 168.32-188.26 62 62 0 0 1 6.74-0.4c3.25-0.07 7.42-0.12 11.44-0.12h0.85c17.45 0 20.83 0.68 22.66 1 31.94 6.39 61.15 24.44 82.24 50.82A147.75 147.75 0 0 1 709.2 549v133.95c5.48 32.61 21.62 53.62 44.13 75a21.46 21.46 0 0 1 6.36 19.23c-14.82 85.61-76.28 150.12-199.29 209.18-0.49 0.24-1.05 0.48-1.65 0.71l-0.29 0.11c-77.05 28.17-146.51 31.2-172.8 31.2z m-29.08-286.14c-21.7 47.68-52.68 86.52-91.78 128.87-0.47 0.51-1.27 1.32-1.82 1.86-12.46 12.46-17.77 21.31-17.77 29.6 0 17.27 13.34 37.84 34.8 53.67 27.24 20.1 64.76 31.17 105.64 31.17 24 0 87.31-2.77 157.88-28.37C603 920.41 645.88 891.18 674.6 859.7c22.22-24.36 36-49.88 42.77-79.63-21.37-21.67-42.25-49.8-48.87-92.27-0.26-1.6-0.26-1.6-0.26-10.32V549.07c0-48.94-34.92-92.87-81.3-102.39-4.67-0.47-23.93-0.39-29.08-0.15l-0.5 0.05A148.24 148.24 0 0 0 425.5 594.12V717a21.5 21.5 0 0 1-21.5 21.5h-0.14a189.48 189.48 0 0 1-47.28-6.26z m186.17 217.2l-0.13 0.07z\" fill=\"\"><\/path><path d=\"M426.09 739H405.5c-104.75 0-190-85.2-190-189.93V504c0-104.46 85-189.45 189.44-189.45a189.05 189.05 0 0 1 168.3 102.18L587 443.27l-29.68 3.3a149.14 149.14 0 0 0-132.05 148zM405 355.55c-81.87 0-148.48 66.61-148.48 148.49v45c0 75.16 56 137.5 128.42 147.56l-0.56-102A190.3 190.3 0 0 1 521.67 412 148.18 148.18 0 0 0 405 355.55z\" fill=\"\"><\/path><path d=\"M875.86 836.38h-20.48c-45.3 0-90.08-16.08-126.11-45.29l25.79-31.82A161.61 161.61 0 0 0 834.9 794V488.21a130.69 130.69 0 0 0-34.58-88.16c-22.36-24-52-37.24-83.42-37.24a120.42 120.42 0 0 0-112.45 77.32l-38.25-14.64a161.38 161.38 0 0 1 150.7-103.63c42.94 0 83.21 17.86 113.4 50.29a169.75 169.75 0 0 1 45.56 116.06z\" fill=\"\"><\/path><path d=\"M284.42 940.5a350.24 350.24 0 0 1-39.66-2.31 15.36 15.36 0 1 1 3.48-30.52c54.9 6.25 104.43-1.54 147.23-23.17s80.71-58.1 112.3-108.19c14.17-24.53 23.91-66.11 29-123.61 5.2-59.23 5.39-136.27 0.57-229a15.36 15.36 0 1 1 30.68-1.6c10 192.53-1 313.51-33.78 369.84l-0.28 0.46C472 890.82 388.16 940.5 284.42 940.5z\" fill=\"\"><\/path><\/svg>\t\t\t\t\t\t<\/span>\n\t\t\t\t\t\t\t\t\t\t<span class=\"elementor-icon-list-text\">\u00c9l\u00e9ment de liste #2<\/span>\n\t\t\t\t\t\t\t\t\t<\/li>\n\t\t\t\t\t\t\t\t<li class=\"elementor-icon-list-item\">\n\t\t\t\t\t\t\t\t\t\t\t<span class=\"elementor-icon-list-icon\">\n\t\t\t\t\t\t\t<svg xmlns=\"http:\/\/www.w3.org\/2000\/svg\" width=\"800px\" height=\"800px\" viewBox=\"0 0 1024 1024\" class=\"icon\"><path d=\"M167.7 388.7s120.9-187.2 329.8-176.3 280.9 103.3 303.8 126.9 51.7 70.3 51.7 70.3L671.6 689.8s-41.4-24.8-65.1-5.5-19.6 56-12.8 65.9 18.7 15.8 18.7 15.8l-96.2 149.5L243 507.6s46.3-27.4 19.8-71.6c-25.7-43-61.4 4.4-61.4 4.4l-33.7-51.7z\" fill=\"#FFFCEE\"><\/path><path d=\"M359.9 643.4m-78.6 0a78.6 78.6 0 1 0 157.2 0 78.6 78.6 0 1 0-157.2 0Z\" fill=\"#FCD04E\"><\/path><path d=\"M399.4 356m-32.8 0a32.8 32.8 0 1 0 65.6 0 32.8 32.8 0 1 0-65.6 0Z\" fill=\"#E8433F\"><\/path><path d=\"M732.8 573.2m-32.8 0a32.8 32.8 0 1 0 65.6 0 32.8 32.8 0 1 0-65.6 0Z\" fill=\"#FFDEB3\"><\/path><path d=\"M547.2 501.7c23.3 14.5 49.3-1.3 54.5-19 5.2-17.7 20.8-42.3 20.8-42.3l28.9 8.2s1.5-47.4-19.3-62c-20.8-14.5-70.5-11.1-70.5-11.1l12.6 33.4s-28 23.6-41.5 53c-13.4 29.5 14.5 39.8 14.5 39.8z\" fill=\"#95C751\"><\/path><path d=\"M167.6 384.4l-57.1-89.8s176-211.4 415.2-185.7 389.2 205 389.2 205L854.5 402s-107-175.3-342.4-185.7c-223-9.8-344.5 168.1-344.5 168.1z\" fill=\"#FFDEB3\"><\/path><path d=\"M926.3 309.1C827.5 175.7 669.6 96 503.8 96c-157.5 0-305.4 69.8-405.7 191.5-3.5 4.2-3.8 10.3-0.8 14.9l57.8 87.1c0.2 1.8 0.8 3.6 1.8 5.2l33.5 50.6c2.5 3.8 6.9 5.9 11.3 5.6 4.5-0.3 8.5-3.1 10.4-7.2 4.1-8.8 13-14.5 22.6-14.5 13.8 0 25 11.2 25 25 0 13.5-10.6 24.4-24.1 24.9-4.5 0.2-8.6 2.8-10.7 6.8-2.1 4-1.8 8.9 0.7 12.6l57.2 86.2c-12.5 16.3-20 36.6-20 58.7 0 53.5 43.5 97 97 97 8.3 0 16.4-1.2 24.1-3.2l122.9 185.2c2.3 3.5 6.2 5.6 10.4 5.6s8.1-2.1 10.4-5.6l100-150.4c2.2-3.3 2.7-7.3 1.4-11-1.3-3.7-4.2-6.6-7.9-7.8-13.4-4.4-22.4-16.6-22.4-30.5 0-17.8 14.5-32.3 32.3-32.3 9.3 0 17.9 4 24.3 11.3 2.6 2.9 6.2 4.5 10.3 4.3 3.9-0.3 7.5-2.3 9.6-5.6l52-78.4c1.9 0.2 3.8 0.6 5.7 0.6 27.6 0 50-22.4 50-50 0-9-2.6-17.2-6.7-24.5l84.5-127.4c1.7-1 3.1-2.3 4.2-3.9l61.7-93.1c3-4.6 2.9-10.4-0.3-14.6zM288 643.4c0-19.2 7.6-36.6 19.9-49.5 1.5-1.5 3-3 4.5-4.4 0.3-0.2 0.5-0.5 0.8-0.7 1.4-1.2 2.9-2.4 4.5-3.5 0.5-0.4 0.9-0.7 1.4-1.1 1.2-0.9 2.5-1.6 3.8-2.4l2.4-1.5c0.9-0.5 1.9-0.9 2.8-1.4 1.2-0.6 2.4-1.2 3.7-1.8 0.5-0.2 1-0.3 1.4-0.5 8.2-3.3 17.2-5.2 26.6-5.2 39.7 0 71.9 32.3 71.9 71.9 0 3.4-0.3 6.8-0.8 10.1l-0.3 1.8c-1.2 6.9-3.3 13.5-6.3 19.7 0 0.1 0 0.1-0.1 0.2-8 16.1-21.9 29.1-39.4 35.6-7.8 2.9-16.2 4.6-25.1 4.6-39.4 0-71.7-32.3-71.7-71.9z m415.3-30.8l-41.1 62c-9.2-6-20-9.4-31.1-9.4-31.6 0-57.3 25.7-57.3 57.3 0 19.3 9.7 36.9 25.2 47.3l-81.5 122.9-109.7-165.1 0.1-0.1c3.5-2 6.8-4.2 10-6.6 0.3-0.2 0.6-0.5 1-0.7 6.6-5.1 12.5-10.9 17.6-17.4 0 0 0-0.1 0.1-0.1 2.5-3.3 4.9-6.7 7-10.3l0.1-0.1c4.1-7 7.4-14.6 9.6-22.7 0.2-0.6 0.3-1.1 0.4-1.7 0.8-3.2 1.5-6.5 2-9.8 0.1-0.9 0.3-1.8 0.4-2.7 0.5-3.9 0.8-7.9 0.8-11.9 0-53.5-43.5-97-97-97-4.8 0-9.5 0.5-14.2 1.2-1.1 0.2-2.1 0.3-3.2 0.5-4.4 0.8-8.6 1.9-12.8 3.2-1.1 0.4-2.1 0.8-3.2 1.2-3.8 1.4-7.5 3-11.1 4.9-0.5 0.3-1.1 0.5-1.7 0.8-4.1 2.2-8 4.9-11.7 7.6-0.4 0.3-0.8 0.5-1.2 0.8l-44.6-67.2c17-8 28.6-25.2 28.6-45.1 0-27.6-22.4-50-50-50-12.4 0-24.2 4.7-33.2 12.7l-19-28.7c1.9-2.5 3.7-5.1 5.6-7.6 2.2-2.9 4.4-5.8 6.6-8.6 2.8-3.4 5.7-6.8 8.5-10.1 2.3-2.7 4.6-5.4 6.9-8 3-3.3 6.2-6.5 9.3-9.7 2.4-2.4 4.7-4.9 7.1-7.3 3.3-3.2 6.7-6.3 10.1-9.4 2.4-2.2 4.8-4.4 7.3-6.6 3.6-3.1 7.3-6 11-9 2.4-1.9 4.8-3.9 7.2-5.8 3.9-3 7.8-5.8 11.8-8.6 2.4-1.7 4.8-3.5 7.2-5.1 4.1-2.8 8.4-5.4 12.6-8.1 2.4-1.5 4.7-3 7.2-4.5 4.4-2.6 8.9-5.1 13.4-7.5 2.4-1.3 4.7-2.6 7-3.9 4.7-2.4 9.4-4.6 14.1-6.8 2.3-1.1 4.6-2.3 7-3.3 4.9-2.2 9.8-4.1 14.7-6.1 2.3-0.9 4.6-1.9 7-2.8 5-1.9 10.1-3.6 15.2-5.2 2.4-0.8 4.7-1.6 7.1-2.4 5.1-1.6 10.3-2.9 15.5-4.3 2.4-0.6 4.8-1.4 7.3-2 5.2-1.3 10.5-2.3 15.8-3.4 2.5-0.5 4.9-1.1 7.4-1.6 5.4-1 10.8-1.7 16.2-2.5 2.4-0.3 4.8-0.8 7.2-1.1 5.7-0.7 11.4-1.1 17.2-1.6 2.2-0.2 4.4-0.5 6.6-0.6 8-0.5 15.9-0.7 24-0.7 8.7 0 17.3 0.3 25.8 0.8 3.3 0.2 6.6 0.6 9.9 0.9 5.2 0.5 10.4 0.8 15.5 1.5 4.1 0.5 8.2 1.3 12.3 1.9 4.2 0.7 8.5 1.2 12.7 2.1 4.5 0.9 8.9 2 13.4 3 3.7 0.8 7.4 1.6 11.1 2.5 4.7 1.2 9.3 2.7 13.9 4 3.3 1 6.7 1.9 10 3 4.7 1.6 9.4 3.3 14.1 5.1 3.1 1.1 6.2 2.2 9.3 3.4 4.7 1.9 9.3 4 13.9 6 3 1.3 6 2.5 8.9 3.9 4.6 2.2 9 4.5 13.5 6.9 2.9 1.5 5.8 2.9 8.6 4.5 4.4 2.4 8.6 5 12.9 7.6 2.8 1.7 5.7 3.4 8.5 5.1 4.1 2.6 8.2 5.5 12.2 8.3 2.8 1.9 5.6 3.8 8.3 5.8 3.9 2.8 7.6 5.8 11.4 8.8 2.8 2.2 5.6 4.3 8.3 6.6 3.6 3 7.1 6.2 10.6 9.3 2.7 2.5 5.5 4.9 8.2 7.4 3.3 3.1 6.5 6.4 9.7 9.7 2.7 2.8 5.5 5.5 8.1 8.4 3 3.2 5.9 6.6 8.8 9.9 2.7 3.1 5.3 6.1 7.9 9.3 2.7 3.3 5.3 6.8 7.9 10.2 2.6 3.4 5.2 6.8 7.7 10.3 2.4 3.4 4.8 6.9 7.1 10.4 1.6 2.4 3.2 4.8 4.7 7.3l-80.4 121.2c-1.2-0.7-2.4-1.3-3.7-1.9-1.4-0.7-2.9-1.4-4.4-1.9-2-0.7-4-1.4-6-1.9l-2.7-0.6c-2.9-0.5-5.8-0.9-8.7-0.9-27.6 0-50 22.4-50 50 0 3.1 0.4 6.1 0.9 9.1 0.1 0.6 0.2 1.1 0.3 1.6 0.6 2.7 1.4 5.4 2.5 7.9 0.3 0.6 0.5 1.2 0.8 1.9 1.1 2.4 2.3 4.8 3.8 7 0.3 0.5 0.7 1 1.1 1.4 1.3 1.8 2.6 3.4 4.1 5 0.7 0.7 1.4 1.5 2.1 2.2 1.3 1.8 2.9 3.1 4.7 4.4z m29.5-15.2c-2.6 0-5.1-0.5-7.5-1.3-0.1 0-0.1-0.1-0.2-0.1-7.6-2.5-13.3-8.3-15.9-15.4-0.1-0.4-0.3-0.8-0.4-1.2-0.7-2.3-1.1-4.6-1.1-7.1 0-13.8 11.2-25 25-25 1.8 0 3.5 0.2 5.2 0.6 0.3 0.1 0.5 0.2 0.8 0.2 1.5 0.4 2.9 0.8 4.2 1.4 0.1 0 0.1 0.1 0.2 0.1 3.1 1.5 6 3.6 8.4 6.4l0.1 0.1c3.7 4.4 6.1 10 6.1 16.1 0.2 14-11.1 25.2-24.9 25.2z m121.9-210.7c-1-1.5-2.1-2.9-3.1-4.3-2.2-3.2-4.5-6.4-6.8-9.6-3-4.1-6.1-8.2-9.2-12.3-2.4-3-4.8-5.9-7.2-8.9-3.3-4-6.6-7.9-10.1-11.8-2.5-2.8-5-5.5-7.5-8.1-3.6-3.8-7.2-7.6-10.9-11.2-2.5-2.5-5.1-5-7.7-7.4-3.9-3.6-7.8-7.2-11.8-10.7-2.6-2.3-5.2-4.5-7.9-6.7-4.1-3.4-8.4-6.8-12.6-10-2.7-2-5.3-4.1-8.1-6.1-4.4-3.2-8.9-6.3-13.4-9.3-2.7-1.8-5.5-3.7-8.2-5.4-4.6-3-9.4-5.8-14.1-8.5-2.8-1.6-5.6-3.3-8.4-4.8-4.9-2.7-9.8-5.2-14.7-7.7-2.9-1.4-5.7-2.9-8.6-4.3-5-2.4-10.1-4.6-15.3-6.7-2.9-1.2-5.9-2.5-8.8-3.7-5.2-2.1-10.5-3.9-15.7-5.8-3-1.1-6-2.2-9-3.2-5.3-1.7-10.7-3.3-16.1-4.8-3.1-0.9-6.2-1.8-9.3-2.6-5.5-1.4-11-2.6-16.5-3.8-3.1-0.7-6.3-1.4-9.4-2.1-5.7-1.1-11.4-1.9-17.2-2.8-3.1-0.5-6.2-1-9.3-1.4-6.1-0.8-12.4-1.3-18.6-1.8-2.8-0.2-5.5-0.6-8.3-0.8-9-0.6-18-0.9-27.1-0.9-8.4 0-16.8 0.3-25.2 0.8-3 0.2-5.9 0.5-8.9 0.8-5.3 0.4-10.7 0.8-16 1.5-3.7 0.4-7.3 1.1-10.9 1.6-4.6 0.7-9.1 1.3-13.6 2.1-3.9 0.7-7.8 1.6-11.7 2.4-4.2 0.9-8.3 1.7-12.4 2.7-4.1 1-8.1 2.1-12.1 3.2-3.9 1.1-7.8 2.1-11.6 3.3-4.1 1.3-8.2 2.7-12.3 4-3.7 1.2-7.4 2.5-11 3.8-4.1 1.5-8.2 3.2-12.2 4.8-3.5 1.4-7 2.8-10.5 4.3-4.1 1.8-8.1 3.7-12.1 5.6-3.4 1.6-6.8 3.2-10.1 4.9-4 2-7.9 4.1-11.8 6.3-3.3 1.8-6.5 3.6-9.7 5.5-3.9 2.2-7.7 4.6-11.4 6.9-3.2 2-6.3 4-9.5 6.1-3.7 2.4-7.4 5-11 7.5-3.1 2.2-6.2 4.4-9.2 6.7-3.5 2.6-7 5.3-10.4 8.1-3 2.4-6 4.9-8.9 7.4-3.3 2.8-6.6 5.6-9.8 8.5l-8.7 8.1c-3.1 2.9-6.2 5.9-9.2 9-2.9 2.9-5.6 5.9-8.4 8.9-2.9 3.1-5.7 6.1-8.5 9.3-2.8 3.2-5.5 6.4-8.2 9.7-2.6 3.2-5.2 6.3-7.8 9.5-0.6 0.8-1.3 1.5-1.9 2.3l-45.4-68.4C218.7 184.8 356.8 121 503.8 121c155 0 302.8 73.1 397.2 196l-46.3 69.7z\" fill=\"#004364\"><\/path><path d=\"M401 308.9c-27.6 0-50 22.4-50 50s22.4 50 50 50 50-22.4 50-50c0.1-27.5-22.4-50-50-50z m0 75.1c-13.8 0-25-11.2-25-25s11.2-25 25-25 25 11.2 25 25-11.2 25-25 25zM637.1 375.6c-21.1-15.7-47.8-20.7-73.2-13.9-5.8 1.6-10.6 5.6-13.3 11-2.7 5.7-2.8 12.3-0.2 18.1 3.1 7 8.4 11.9 12.7 15.8 0.7 0.6 1.5 1.4 2.3 2.2l-37.7 34c-0.6 0.5-1.2 1.2-1.7 1.8-16.1 21.7-12.3 52.1 9.5 68.5 8.2 6 17.8 8.9 27.5 8.9 15 0 30.1-7.1 39.9-20.3 0.5-0.7 0.9-1.4 1.3-2.1l21.8-45.9c1 0.5 1.9 1.1 2.7 1.6 5 3 11.2 6.7 18.8 7.6 6.3 0.8 12.6-1.3 17.3-5.5 4.4-4.1 6.9-9.8 6.7-15.9-0.7-26.1-13.3-50.2-34.4-65.9z m4.5 58.4c-6.3-3.7-22.9-13.6-34.7 2.4-0.5 0.7-0.9 1.4-1.3 2.1l-23.5 49.4c-8 9.8-22.3 12.2-32.5 4.8-9.4-7.1-11.2-21.5-4.2-32l40.6-36.6c0.6-0.6 1.2-1.2 1.7-1.8 11.9-16-2.4-29-7.8-33.9-1.2-1.1-2.6-2.4-3.7-3.5 16.2-2.7 32.6 1.2 45.9 11.1 13.3 9.9 21.8 24.5 23.9 40.8-1.4-1.1-2.9-2-4.4-2.8z\" fill=\"#004364\"><\/path><path d=\"M489.8 516.2m-14.5 0a14.5 14.5 0 1 0 29 0 14.5 14.5 0 1 0-29 0Z\" fill=\"#004364\"><\/path><path d=\"M374.4 613.1m-14.5 0a14.5 14.5 0 1 0 29 0 14.5 14.5 0 1 0-29 0Z\" fill=\"#004364\"><\/path><path d=\"M320.5 639.9m-14.5 0a14.5 14.5 0 1 0 29 0 14.5 14.5 0 1 0-29 0Z\" fill=\"#004364\"><\/path><path d=\"M357.3 682.6m-14.5 0a14.5 14.5 0 1 0 29 0 14.5 14.5 0 1 0-29 0Z\" fill=\"#004364\"><\/path><path d=\"M637 186.4m-14.5 0a14.5 14.5 0 1 0 29 0 14.5 14.5 0 1 0-29 0Z\" fill=\"#004364\"><\/path><path d=\"M547.2 770.9m-14.5 0a14.5 14.5 0 1 0 29 0 14.5 14.5 0 1 0-29 0Z\" fill=\"#004364\"><\/path><path d=\"M512 807.7m-14.5 0a14.5 14.5 0 1 0 29 0 14.5 14.5 0 1 0-29 0Z\" fill=\"#004364\"><\/path><\/svg>\t\t\t\t\t\t<\/span>\n\t\t\t\t\t\t\t\t\t\t<span class=\"elementor-icon-list-text\">\u00c9l\u00e9ment de liste #3<\/span>\n\t\t\t\t\t\t\t\t\t<\/li>\n\t\t\t\t\t\t<\/ul>\n\t\t\t\t\t\t<\/div>\n\t\t\t\t<\/div>\n\t\t\t\t\t<\/div>\n\t\t\t\t<\/div>\n\t\t\t\t<\/div>\n\t\t","protected":false},"excerpt":{"rendered":"<p>\u00c9l\u00e9ment de liste #1 \u00c9l\u00e9ment de liste #2 \u00c9l\u00e9ment de liste #3<\/p>\n","protected":false},"author":1,"featured_media":0,"parent":0,"menu_order":0,"comment_status":"closed","ping_status":"closed","template":"","meta":{"footnotes":""},"class_list":["post-625","page","type-page","status-publish","hentry"],"_links":{"self":[{"href":"https:\/\/testiuliana.myskydoowebsite.com\/index.php?rest_route=\/wp\/v2\/pages\/625","targetHints":{"allow":["GET"]}}],"collection":[{"href":"https:\/\/testiuliana.myskydoowebsite.com\/index.php?rest_route=\/wp\/v2\/pages"}],"about":[{"href":"https:\/\/testiuliana.myskydoowebsite.com\/index.php?rest_route=\/wp\/v2\/types\/page"}],"author":[{"embeddable":true,"href":"https:\/\/testiuliana.myskydoowebsite.com\/index.php?rest_route=\/wp\/v2\/users\/1"}],"replies":[{"embeddable":true,"href":"https:\/\/testiuliana.myskydoowebsite.com\/index.php?rest_route=%2Fwp%2Fv2%2Fcomments&post=625"}],"version-history":[{"count":4,"href":"https:\/\/testiuliana.myskydoowebsite.com\/index.php?rest_route=\/wp\/v2\/pages\/625\/revisions"}],"predecessor-version":[{"id":633,"href":"https:\/\/testiuliana.myskydoowebsite.com\/index.php?rest_route=\/wp\/v2\/pages\/625\/revisions\/633"}],"wp:attachment":[{"href":"https:\/\/testiuliana.myskydoowebsite.com\/index.php?rest_route=%2Fwp%2Fv2%2Fmedia&parent=625"}],"curies":[{"name":"wp","href":"https:\/\/api.w.org\/{rel}","templated":true}]}}